{"id":126,"date":"2024-07-10T12:09:10","date_gmt":"2024-07-10T12:09:10","guid":{"rendered":"https:\/\/ericktoledo.com.br\/home\/"},"modified":"2025-08-19T08:55:36","modified_gmt":"2025-08-19T11:55:36","slug":"home","status":"publish","type":"page","link":"https:\/\/ericktoledo.com.br\/","title":{"rendered":"Mentoria Profissional"},"content":{"rendered":"\n\n\t\t\t<h1>\n\t\t\t\t\tAcelere a Sua Carreira em Seguran\u00e7a da Informa\u00e7\u00e3o e IAM\n\t\t\t\t<\/h1>\n\t\t\t<h2>\n\t\t\t\t\tMentoria Pr\u00e1tica com Erick Toledo &#8211; +25\u202fanos de Experi\u00eancia Global e Refer\u00eancia no Brasil\n\t\t\t\t<\/h2>\n\t\t\t<h2>\u00a0<\/h2>\n\t\t\t<a href=\"https:\/\/ericktoledo.com.br\/?page_id=16\" target=\"_self\"  role=\"button\">\n\t\t\t\t\t\tQuero minha sess\u00e3o gratuita\n\t\t<\/a>\n\t\t\t<h2>\n\t\t\t\t\tPor que escolher a mentoria?\n\t\t\t\t<\/h2>\n\t\t\t\t<img decoding=\"async\" src=\"https:\/\/ericktoledo.com.br\/wp-content\/uploads\/2024\/07\/pexels-photo-6456305-6456305.jpg\" alt=\"pexels-photo-6456305-6456305.jpg\" itemprop=\"image\"\/>\n\t\t\t\n<ul data-spread=\"false\" data-pm-slice=\"3 3 []\">\n<li>\n<p><strong>Aprendizado 100\u202f% pr\u00e1tico<\/strong> em casos de projetos reais de IAM e SI<\/p>\n<\/li>\n<li>\n<p>M\u00e9todo <strong>PathFinder exclusivo<\/strong>: roadmap claro at\u00e9 o n\u00edvel s\u00eanior<\/p>\n<\/li>\n<li>\n<p><strong>Network VIP<\/strong> com especialistas e recrutadores<\/p>\n<\/li>\n<li>\n<p>Resultados r\u00e1pidos: aumento de <strong>sal\u00e1rio e senioridade<\/strong> em at\u00e9 12\u202fmeses<\/p>\n<\/li>\n<\/ul>\n\u00a0\n\t\t\t<h2>\n\t\t\t\t\tComo funciona o M\u00e9todo PathFinder\n\t\t\t\t<\/h2>\n\t\t\t\n<ul data-spread=\"false\" data-pm-slice=\"3 3 []\">\n<li>\n<ol start=\"1\" data-spread=\"false\" data-pm-slice=\"3 3 []\">\n<li>\n<p><strong>Diagn\u00f3stico Profissional<\/strong> &#8211; an\u00e1lise de perfil e objetivos<\/p>\n<\/li>\n<li>\n<p><strong>Imers\u00e3o T\u00e9cnica<\/strong> &#8211; fundamentos de IAM, Zero Trust, DevSec e outras disciplinas<\/p>\n<\/li>\n<li>\n<p><strong>Projeto Guiado<\/strong> &#8211; aplica\u00e7\u00e3o hands\u2011on com feedback semanal<\/p>\n<\/li>\n<li>\n<p><strong>Acelera\u00e7\u00e3o de Carreira<\/strong> &#8211; curr\u00edculo, LinkedIn, entrevistas<\/p>\n<\/li>\n<li>\n<p><strong>Comunidade &amp; Networking<\/strong> &#8211; acesso cont\u00ednuo a eventos exclusivos<\/p>\n<\/li>\n<\/ol>\n<\/li>\n<\/ul>\n\t\t\t\t<img decoding=\"async\" src=\"https:\/\/ericktoledo.com.br\/wp-content\/uploads\/bb-plugin\/cache\/pexels-photo-4240497-4240497-circle.jpg\" alt=\"pexels-photo-4240497-4240497.jpg\" itemprop=\"image\"\/>\n\t\t<h2>\n\t\tD\u00e9fict De Talentos Em Seguran\u00e7a Da Informa\u00e7\u00e3o\n\t<\/h2>\n\t\t\t\t<img decoding=\"async\" src=\"https:\/\/ericktoledo.com.br\/wp-content\/uploads\/2025\/04\/deficit_si_brasil_v2.png\" alt=\"deficit_si_brasil_v2\" itemprop=\"image\"\/>\n\t\t<h2>\n\t\tDepoimentos\n\t<\/h2>\n\t<blockquote><p>&#8220;Erick \u00e9 uma pessoa com extrema habilidade de an\u00e1lise e solu\u00e7\u00e3o de problemas , objetivo e \u00e1gil na resolu\u00e7\u00e3o de projetos dif\u00edceis e uma pessoa com marcante habilidade de relacionamento e lideran\u00e7a. Tem muito a acrescentar na vida de seus mentorados&#8221;<\/p>\n<p><strong>Luciana T.<\/strong><\/p><\/blockquote>\n\t<blockquote><p>&#8220;Erick possui conhecimento do assunto e did\u00e1tica \u00f3timos, realmente domina e consegue apresentar IAM e a l\u00f3gica de acessos de uma companhia de modo claro e real&#8221;<\/p>\n<p><strong>Rafael L.<\/strong><\/p><\/blockquote>\n\t<blockquote><p>&#8220;Excelente profissional e mentor! Tem vis\u00e3o do todo, \u00e9 did\u00e1tico, expert no assunto, escuta ativa e parceiro&#8221;<\/p>\n<p><strong>Regina M.<\/strong><\/p><\/blockquote>\n\t\t<h2>Pronto para avan\u00e7ar?<\/h2>\n\t\t<em>Agende sua sess\u00e3o gratuita de diagn\u00f3stico e veja como o PathFinder pode acelerar sua carreira.<\/em>\n\t\t\t<a href=\"\" target=\"_self\">\n\t\t\t\t\t\t\tAgendar Sess\u00e3o\n\t\t\t\t\t<\/a>\n\n","protected":false},"excerpt":{"rendered":"<p>Acelere a Sua Carreira em Seguran\u00e7a da Informa\u00e7\u00e3o e IAM Mentoria Pr\u00e1tica com Erick Toledo &#8211; +25\u202fanos de Experi\u00eancia Global e Refer\u00eancia no Brasil \u00a0 Quero minha sess\u00e3o gratuita Por que escolher a mentoria? Aprendizado 100\u202f% pr\u00e1tico em casos de projetos reais de IAM e SI M\u00e9todo PathFinder exclusivo: roadmap claro at\u00e9 o n\u00edvel s\u00eanior [&hellip;]<\/p>\n","protected":false},"author":1,"featured_media":0,"parent":0,"menu_order":0,"comment_status":"closed","ping_status":"closed","template":"","meta":{"om_disable_all_campaigns":false,"_uag_custom_page_level_css":"","_monsterinsights_skip_tracking":false,"_monsterinsights_sitenote_active":false,"_monsterinsights_sitenote_note":"","_monsterinsights_sitenote_category":0,"site-sidebar-layout":"default","site-content-layout":"page-builder","ast-site-content-layout":"full-width-container","site-content-style":"unboxed","site-sidebar-style":"unboxed","ast-global-header-display":"","ast-banner-title-visibility":"","ast-main-header-display":"","ast-hfb-above-header-display":"","ast-hfb-below-header-display":"","ast-hfb-mobile-header-display":"","site-post-title":"disabled","ast-breadcrumbs-content":"","ast-featured-img":"disabled","footer-sml-layout":"","ast-disable-related-posts":"","theme-transparent-header-meta":"enabled","adv-header-id-meta":"","stick-header-meta":"","header-above-stick-meta":"","header-main-stick-meta":"","header-below-stick-meta":"","astra-migrate-meta-layouts":"set","ast-page-background-enabled":"default","ast-page-background-meta":{"desktop":{"background-color":"","background-image":"","background-repeat":"repeat","background-position":"center center","background-size":"auto","background-attachment":"scroll","background-type":"","background-media":"","overlay-type":"","overlay-color":"","overlay-opacity":"","overlay-gradient":""},"tablet":{"background-color":"","background-image":"","background-repeat":"repeat","background-position":"center center","background-size":"auto","background-attachment":"scroll","background-type":"","background-media":"","overlay-type":"","overlay-color":"","overlay-opacity":"","overlay-gradient":""},"mobile":{"background-color":"","background-image":"","background-repeat":"repeat","background-position":"center center","background-size":"auto","background-attachment":"scroll","background-type":"","background-media":"","overlay-type":"","overlay-color":"","overlay-opacity":"","overlay-gradient":""}},"ast-content-background-meta":{"desktop":{"background-color":"var(--ast-global-color-5)","background-image":"","background-repeat":"repeat","background-position":"center center","background-size":"auto","background-attachment":"scroll","background-type":"","background-media":"","overlay-type":"","overlay-color":"","overlay-opacity":"","overlay-gradient":""},"tablet":{"background-color":"var(--ast-global-color-5)","background-image":"","background-repeat":"repeat","background-position":"center center","background-size":"auto","background-attachment":"scroll","background-type":"","background-media":"","overlay-type":"","overlay-color":"","overlay-opacity":"","overlay-gradient":""},"mobile":{"background-color":"var(--ast-global-color-5)","background-image":"","background-repeat":"repeat","background-position":"center center","background-size":"auto","background-attachment":"scroll","background-type":"","background-media":"","overlay-type":"","overlay-color":"","overlay-opacity":"","overlay-gradient":""}},"footnotes":""},"class_list":["post-126","page","type-page","status-publish","hentry"],"aioseo_notices":[],"uagb_featured_image_src":{"full":false,"thumbnail":false,"medium":false,"medium_large":false,"large":false,"1536x1536":false,"2048x2048":false},"uagb_author_info":{"display_name":"4tosecbr@gmail.com","author_link":"https:\/\/ericktoledo.com.br\/?author=1"},"uagb_comment_info":0,"uagb_excerpt":"Acelere a Sua Carreira em Seguran\u00e7a da Informa\u00e7\u00e3o e IAM Mentoria Pr\u00e1tica com Erick Toledo &#8211; +25\u202fanos de Experi\u00eancia Global e Refer\u00eancia no Brasil \u00a0 Quero minha sess\u00e3o gratuita Por que escolher a mentoria? Aprendizado 100\u202f% pr\u00e1tico em casos de projetos reais de IAM e SI M\u00e9todo PathFinder exclusivo: roadmap claro at\u00e9 o n\u00edvel s\u00eanior&hellip;","_links":{"self":[{"href":"https:\/\/ericktoledo.com.br\/index.php?rest_route=\/wp\/v2\/pages\/126","targetHints":{"allow":["GET"]}}],"collection":[{"href":"https:\/\/ericktoledo.com.br\/index.php?rest_route=\/wp\/v2\/pages"}],"about":[{"href":"https:\/\/ericktoledo.com.br\/index.php?rest_route=\/wp\/v2\/types\/page"}],"author":[{"embeddable":true,"href":"https:\/\/ericktoledo.com.br\/index.php?rest_route=\/wp\/v2\/users\/1"}],"replies":[{"embeddable":true,"href":"https:\/\/ericktoledo.com.br\/index.php?rest_route=%2Fwp%2Fv2%2Fcomments&post=126"}],"version-history":[{"count":28,"href":"https:\/\/ericktoledo.com.br\/index.php?rest_route=\/wp\/v2\/pages\/126\/revisions"}],"predecessor-version":[{"id":518,"href":"https:\/\/ericktoledo.com.br\/index.php?rest_route=\/wp\/v2\/pages\/126\/revisions\/518"}],"wp:attachment":[{"href":"https:\/\/ericktoledo.com.br\/index.php?rest_route=%2Fwp%2Fv2%2Fmedia&parent=126"}],"curies":[{"name":"wp","href":"https:\/\/api.w.org\/{rel}","templated":true}]}}