{"id":14,"date":"2024-07-10T12:09:10","date_gmt":"2024-07-10T12:09:10","guid":{"rendered":"https:\/\/ericktoledo.com.br\/testimonials\/"},"modified":"2025-04-30T19:08:55","modified_gmt":"2025-04-30T22:08:55","slug":"testimonials","status":"publish","type":"page","link":"https:\/\/ericktoledo.com.br\/?page_id=14","title":{"rendered":"Sobre"},"content":{"rendered":"\n\n\t\t\t<h1>\n\t\t\t\t\tSobre\n\t\t\t\t<\/h1>\n\t\t\t<h5>\n\t\t\t\t\tMiss\u00e3o: Capacitar Profissionais e Empresas a Protegerem o Futuro Digital Por Meio de Identidades Seguras e Carreiras de Alto Impacto.\n\t\t\t\t<\/h5>\n\t<h2>Jornada Profissional em N\u00fameros<\/h2>\n\t<ul data-spread=\"false\">\n<li><strong>25+ anos<\/strong> atuando em TI &amp; Seguran\u00e7a da Informa\u00e7\u00e3o<\/li>\n<li><strong>50+ pa\u00edses<\/strong> impactados em projetos globais<\/li>\n<li><strong>800+ alunos<\/strong> formados em cursos e mentorias<\/li>\n<li>Redu\u00e7\u00e3o de <strong>40\u201160\u00a0%<\/strong> nos riscos de acesso em clientes Fortune\u00a0100<\/li>\n<li><strong>Palestrante<\/strong> em importantes eventos de IAM do Brasil.<\/li>\n<\/ul>\n\t\t\t\t<img loading=\"lazy\" decoding=\"async\" src=\"https:\/\/ericktoledo.com.br\/wp-content\/uploads\/2024\/07\/lwzi2lk0y8qsd-768x1024.png\" alt=\"lwzi2lk0y8qsd\" itemprop=\"image\" height=\"1024\" width=\"768\" title=\"lwzi2lk0y8qsd\" onerror=\"this.style.display='none'\"  \/>\n\t<h2 data-pm-slice=\"1 3 []\">Alguns dos Resultados<\/h2>\n<ul data-spread=\"false\">\n<li><strong>+R$ 37 milh\u00f5es<\/strong> em projetos diretamente liderados e <strong>+R$ 150 milh\u00f5es<\/strong> em iniciativas suportadas, totalizando <strong>mais de 80k<\/strong> identidades internas e <strong>mais de 500k<\/strong> identidades externas gerenciadas<\/li>\n<li>Implantou <strong>Processos e Solu\u00e7\u00f5es de Gest\u00e3o de Identidade e Acesso (IAM\/PAM\/CIAM)<\/strong> em diversas corpora\u00e7\u00f5es, inclusive empresas <strong>Fortune 100<\/strong><\/li>\n<li>Respons\u00e1vel por <strong>estrutura\u00e7\u00e3o de Centros de Opera\u00e7\u00f5es de Seguran\u00e7a (SOC)<\/strong><\/li>\n<li>Implementa\u00e7\u00e3o de <strong>Planos de Resposta a Incidentes e Continuidade de Neg\u00f3cios<\/strong> em ambientes complexos com minera\u00e7\u00e3o e financeiro<\/li>\n<li>Testador e consultor em\u00e9rito de grandes empresas fornecedoras de solu\u00e7\u00f5es e servi\u00e7os de IAM.<\/li>\n<\/ul>\n\n","protected":false},"excerpt":{"rendered":"<p>Sobre Miss\u00e3o: Capacitar Profissionais e Empresas a Protegerem o Futuro Digital Por Meio de Identidades Seguras e Carreiras de Alto Impacto. Jornada Profissional em N\u00fameros 25+ anos atuando em TI &amp; Seguran\u00e7a da Informa\u00e7\u00e3o 50+ pa\u00edses impactados em projetos globais 800+ alunos formados em cursos e mentorias Redu\u00e7\u00e3o de 40\u201160\u00a0% nos riscos de acesso em [&hellip;]<\/p>\n","protected":false},"author":1,"featured_media":0,"parent":0,"menu_order":0,"comment_status":"closed","ping_status":"closed","template":"","meta":{"om_disable_all_campaigns":false,"_uag_custom_page_level_css":"","_monsterinsights_skip_tracking":false,"_monsterinsights_sitenote_active":false,"_monsterinsights_sitenote_note":"","_monsterinsights_sitenote_category":0,"site-sidebar-layout":"default","site-content-layout":"page-builder","ast-site-content-layout":"full-width-container","site-content-style":"unboxed","site-sidebar-style":"unboxed","ast-global-header-display":"","ast-banner-title-visibility":"","ast-main-header-display":"","ast-hfb-above-header-display":"","ast-hfb-below-header-display":"","ast-hfb-mobile-header-display":"","site-post-title":"disabled","ast-breadcrumbs-content":"","ast-featured-img":"disabled","footer-sml-layout":"","ast-disable-related-posts":"","theme-transparent-header-meta":"enabled","adv-header-id-meta":"","stick-header-meta":"","header-above-stick-meta":"","header-main-stick-meta":"","header-below-stick-meta":"","astra-migrate-meta-layouts":"set","ast-page-background-enabled":"default","ast-page-background-meta":{"desktop":{"background-color":"","background-image":"","background-repeat":"repeat","background-position":"center center","background-size":"auto","background-attachment":"scroll","background-type":"","background-media":"","overlay-type":"","overlay-color":"","overlay-opacity":"","overlay-gradient":""},"tablet":{"background-color":"","background-image":"","background-repeat":"repeat","background-position":"center center","background-size":"auto","background-attachment":"scroll","background-type":"","background-media":"","overlay-type":"","overlay-color":"","overlay-opacity":"","overlay-gradient":""},"mobile":{"background-color":"","background-image":"","background-repeat":"repeat","background-position":"center center","background-size":"auto","background-attachment":"scroll","background-type":"","background-media":"","overlay-type":"","overlay-color":"","overlay-opacity":"","overlay-gradient":""}},"ast-content-background-meta":{"desktop":{"background-color":"var(--ast-global-color-5)","background-image":"","background-repeat":"repeat","background-position":"center center","background-size":"auto","background-attachment":"scroll","background-type":"","background-media":"","overlay-type":"","overlay-color":"","overlay-opacity":"","overlay-gradient":""},"tablet":{"background-color":"var(--ast-global-color-5)","background-image":"","background-repeat":"repeat","background-position":"center center","background-size":"auto","background-attachment":"scroll","background-type":"","background-media":"","overlay-type":"","overlay-color":"","overlay-opacity":"","overlay-gradient":""},"mobile":{"background-color":"var(--ast-global-color-5)","background-image":"","background-repeat":"repeat","background-position":"center center","background-size":"auto","background-attachment":"scroll","background-type":"","background-media":"","overlay-type":"","overlay-color":"","overlay-opacity":"","overlay-gradient":""}},"footnotes":""},"class_list":["post-14","page","type-page","status-publish","hentry"],"aioseo_notices":[],"uagb_featured_image_src":{"full":false,"thumbnail":false,"medium":false,"medium_large":false,"large":false,"1536x1536":false,"2048x2048":false},"uagb_author_info":{"display_name":"4tosecbr@gmail.com","author_link":"https:\/\/ericktoledo.com.br\/?author=1"},"uagb_comment_info":0,"uagb_excerpt":"Sobre Miss\u00e3o: Capacitar Profissionais e Empresas a Protegerem o Futuro Digital Por Meio de Identidades Seguras e Carreiras de Alto Impacto. Jornada Profissional em N\u00fameros 25+ anos atuando em TI &amp; Seguran\u00e7a da Informa\u00e7\u00e3o 50+ pa\u00edses impactados em projetos globais 800+ alunos formados em cursos e mentorias Redu\u00e7\u00e3o de 40\u201160\u00a0% nos riscos de acesso em&hellip;","_links":{"self":[{"href":"https:\/\/ericktoledo.com.br\/index.php?rest_route=\/wp\/v2\/pages\/14","targetHints":{"allow":["GET"]}}],"collection":[{"href":"https:\/\/ericktoledo.com.br\/index.php?rest_route=\/wp\/v2\/pages"}],"about":[{"href":"https:\/\/ericktoledo.com.br\/index.php?rest_route=\/wp\/v2\/types\/page"}],"author":[{"embeddable":true,"href":"https:\/\/ericktoledo.com.br\/index.php?rest_route=\/wp\/v2\/users\/1"}],"replies":[{"embeddable":true,"href":"https:\/\/ericktoledo.com.br\/index.php?rest_route=%2Fwp%2Fv2%2Fcomments&post=14"}],"version-history":[{"count":6,"href":"https:\/\/ericktoledo.com.br\/index.php?rest_route=\/wp\/v2\/pages\/14\/revisions"}],"predecessor-version":[{"id":515,"href":"https:\/\/ericktoledo.com.br\/index.php?rest_route=\/wp\/v2\/pages\/14\/revisions\/515"}],"wp:attachment":[{"href":"https:\/\/ericktoledo.com.br\/index.php?rest_route=%2Fwp%2Fv2%2Fmedia&parent=14"}],"curies":[{"name":"wp","href":"https:\/\/api.w.org\/{rel}","templated":true}]}}